{"id":30,"date":"2023-11-26T08:24:41","date_gmt":"2023-11-26T07:24:41","guid":{"rendered":"https:\/\/www.leadership-consulting-group.com\/cms\/?page_id=30"},"modified":"2024-02-04T07:23:27","modified_gmt":"2024-02-04T06:23:27","slug":"impressum","status":"publish","type":"page","link":"https:\/\/www.leadership-consulting-group.com\/cms\/en\/impressum\/","title":{"rendered":"Imprint"},"content":{"rendered":"<div data-elementor-type=\"wp-page\" data-elementor-id=\"30\" class=\"elementor elementor-30\" data-elementor-post-type=\"page\">\n\t\t\t\t<div class=\"elementor-element elementor-element-ce8f6a3 e-flex e-con-boxed e-con e-parent\" data-id=\"ce8f6a3\" data-element_type=\"container\" data-e-type=\"container\">\n\t\t\t\t\t<div class=\"e-con-inner\">\n\t\t\t\t<div class=\"elementor-element elementor-element-5349236 elementor-widget elementor-widget-spacer\" data-id=\"5349236\" data-element_type=\"widget\" data-e-type=\"widget\" data-widget_type=\"spacer.default\">\n\t\t\t\t<div class=\"elementor-widget-container\">\n\t\t\t\t\t\t\t<div class=\"elementor-spacer\">\n\t\t\t<div class=\"elementor-spacer-inner\"><\/div>\n\t\t<\/div>\n\t\t\t\t\t\t<\/div>\n\t\t\t\t<\/div>\n\t\t\t\t\t<\/div>\n\t\t\t\t<\/div>\n\t\t<div class=\"elementor-element elementor-element-f683b4d e-flex e-con-boxed e-con e-parent\" data-id=\"f683b4d\" data-element_type=\"container\" data-e-type=\"container\">\n\t\t\t\t\t<div class=\"e-con-inner\">\n\t\t\t\t<div class=\"elementor-element elementor-element-96b0246 elementor-widget elementor-widget-heading\" data-id=\"96b0246\" data-element_type=\"widget\" data-e-type=\"widget\" data-widget_type=\"heading.default\">\n\t\t\t\t<div class=\"elementor-widget-container\">\n\t\t\t\t\t<h1 class=\"elementor-heading-title elementor-size-default\"><span style=\"font-size: 28px\">IMPRINT<span style=\"font-size: 60px\">.<\/span><\/span><span style=\"font-size: 28px;font-weight: 400\"><\/span><\/h1>\t\t\t\t<\/div>\n\t\t\t\t<\/div>\n\t\t\t\t\t<\/div>\n\t\t\t\t<\/div>\n\t\t<div class=\"elementor-element elementor-element-57c3c40 e-flex e-con-boxed e-con e-parent\" data-id=\"57c3c40\" data-element_type=\"container\" data-e-type=\"container\">\n\t\t\t\t\t<div class=\"e-con-inner\">\n\t\t\t\t<div class=\"elementor-element elementor-element-31bfc92 elementor-widget elementor-widget-spacer\" data-id=\"31bfc92\" data-element_type=\"widget\" data-e-type=\"widget\" data-widget_type=\"spacer.default\">\n\t\t\t\t<div class=\"elementor-widget-container\">\n\t\t\t\t\t\t\t<div class=\"elementor-spacer\">\n\t\t\t<div class=\"elementor-spacer-inner\"><\/div>\n\t\t<\/div>\n\t\t\t\t\t\t<\/div>\n\t\t\t\t<\/div>\n\t\t\t\t\t<\/div>\n\t\t\t\t<\/div>\n\t\t<div class=\"elementor-element elementor-element-28b620b e-flex e-con-boxed e-con e-parent\" data-id=\"28b620b\" data-element_type=\"container\" data-e-type=\"container\">\n\t\t\t\t\t<div class=\"e-con-inner\">\n\t\t\t\t<div class=\"elementor-element elementor-element-29a02e8 elementor-widget elementor-widget-text-editor\" data-id=\"29a02e8\" data-element_type=\"widget\" data-e-type=\"widget\" data-widget_type=\"text-editor.default\">\n\t\t\t\t<div class=\"elementor-widget-container\">\n\t\t\t\t\t\t\t\t\t<h5><span style=\"color: var( --e-global-color-primary ); font-size: 16px; text-align: var(--text-align);\">Responsibility for the content of this website:<\/span><\/h5>\n<div><span style=\"color: var( --e-global-color-primary ); font-size: 16px; text-align: var(--text-align);\">&nbsp;<\/span><\/div>\n<p>Leadership Consulting Group AG<br><span style=\"color: var( --e-global-color-primary ); text-align: var(--text-align);\">Eschenmoosstrasse 57<br><\/span><span style=\"color: var( --e-global-color-primary ); text-align: var(--text-align);\">CH \u2013 9413 Oberegg<br><\/span><span style=\"color: var( --e-global-color-primary ); text-align: var(--text-align);\">info@leadership-consulting-group.com<\/span><\/p>\n<p><span style=\"color: var( --e-global-color-primary ); text-align: var(--text-align);\">&nbsp;<\/span><\/p>\n<p><span style=\"color: var( --e-global-color-primary ); text-align: var(--text-align);\">Management board: Martin Strobel, Barbara Lechtenfeld<br><\/span><span style=\"color: var( --e-global-color-primary ); text-align: var(--text-align);\">UID: CHE-163.233.527<br><\/span><span style=\"color: var( --e-global-color-primary ); text-align: var(--text-align);\">Commercial Register Office: Appenzell Innerrhoden (CH)<br><\/span><span style=\"color: var( --e-global-color-primary ); text-align: var(--text-align);\">VAT number: CHE-163.233.527 MWST<\/span><\/p>\n<p>&nbsp;<\/p>\n<h5><b style=\"text-align: var(--text-align);\">Liability<\/b><span style=\"text-align: var(--text-align);\">&nbsp;<\/span><\/h5>\n<p>The content of our website has been compiled with the utmost care and to the best of our knowledge and belief. However, we cannot accept any liability for the accuracy, completeness and topicality of the content provided. Liability claims against Leadership Consulting Group AG relating to material or immaterial damage caused by the use or non-use of the information provided or by incorrect or incomplete information are fundamentally excluded, unless Leadership Consulting Group AG can be proven to have acted with intent or gross negligence.&nbsp;<span style=\"color: var( --e-global-color-primary ); text-align: var(--text-align);\">There is no demonstrable intentional or grossly negligent fault.&nbsp;<\/span><span style=\"color: var( --e-global-color-primary ); text-align: var(--text-align);\">&nbsp;<\/span><\/p>\n<h5><b>&nbsp;<\/b><\/h5>\n<h5><b>Links<\/b><\/h5>\n<p>The Leadership Consulting Group AG website may contain links to other websites that are not operated by us. We expressly assume no responsibility for the content of these websites. Their use is at your own risk.&nbsp;<span style=\"text-align: var(--text-align);\">&nbsp;<\/span><\/p>\n<h5><b>&nbsp;<\/b><\/h5>\n<h5><b>Copyright<\/b><\/h5>\n<p>The texts, images, graphics and the entire design on this site are - unless otherwise stated - protected by copyright and may not be used without the express written permission of the operator.&nbsp;<span style=\"font-size: 18px; text-align: var(--text-align);\">&nbsp;<\/span><\/p>\n<h5><b>&nbsp;<\/b><\/h5>\n<h5><b>Realization<\/b><\/h5>\n<p>jn Netvertising &amp; IT Solutions<br><span style=\"color: var( --e-global-color-primary ); text-align: var(--text-align);\">J\u00fcrgen Niewiesk<br><\/span><span style=\"color: var( --e-global-color-primary ); text-align: var(--text-align);\">Helmeskamp 23<br><\/span><span style=\"color: var( --e-global-color-primary ); text-align: var(--text-align);\">D \u2013 47906 Kempen<\/span><\/p>\t\t\t\t\t\t\t\t<\/div>\n\t\t\t\t<\/div>\n\t\t\t\t\t<\/div>\n\t\t\t\t<\/div>\n\t\t<div class=\"elementor-element elementor-element-7e79056 e-flex e-con-boxed e-con e-parent\" data-id=\"7e79056\" data-element_type=\"container\" data-e-type=\"container\">\n\t\t\t\t\t<div class=\"e-con-inner\">\n\t\t\t\t<div class=\"elementor-element elementor-element-addd56b elementor-widget elementor-widget-spacer\" data-id=\"addd56b\" data-element_type=\"widget\" data-e-type=\"widget\" data-widget_type=\"spacer.default\">\n\t\t\t\t<div class=\"elementor-widget-container\">\n\t\t\t\t\t\t\t<div class=\"elementor-spacer\">\n\t\t\t<div class=\"elementor-spacer-inner\"><\/div>\n\t\t<\/div>\n\t\t\t\t\t\t<\/div>\n\t\t\t\t<\/div>\n\t\t\t\t\t<\/div>\n\t\t\t\t<\/div>\n\t\t<div class=\"elementor-element elementor-element-65db634 e-flex e-con-boxed e-con e-parent\" data-id=\"65db634\" data-element_type=\"container\" data-e-type=\"container\">\n\t\t\t\t\t<div class=\"e-con-inner\">\n\t\t\t\t<div class=\"elementor-element elementor-element-0b23453 elementor-widget elementor-widget-spacer\" data-id=\"0b23453\" data-element_type=\"widget\" data-e-type=\"widget\" data-widget_type=\"spacer.default\">\n\t\t\t\t<div class=\"elementor-widget-container\">\n\t\t\t\t\t\t\t<div class=\"elementor-spacer\">\n\t\t\t<div class=\"elementor-spacer-inner\"><\/div>\n\t\t<\/div>\n\t\t\t\t\t\t<\/div>\n\t\t\t\t<\/div>\n\t\t\t\t\t<\/div>\n\t\t\t\t<\/div>\n\t\t\t\t<\/div>","protected":false},"excerpt":{"rendered":"<p>IMPRESSUM. Verantwortlichkeit f\u00fcr den Inhalt dieser Website: &nbsp; Leadership Consulting Group AGEschenmoosstrasse 57CH \u2013 9413 Oberegginfo@leadership-consulting-group.com &nbsp; Gesch\u00e4ftsf\u00fchrung: Martin Strobel, Barbara LechtenfeldUID: CHE-163.233.527Handelsregisteramt: Appenzell Innerrhoden (CH)Mehrwertsteuernummer: CHE-163.233.527 MWST &nbsp; Haftung&nbsp; Die Inhalte unserer Seiten wurden mit gr\u00f6sster Sorgfalt und nach bestem Wissen und Gewissen erstellt. F\u00fcr die Richtigkeit, Vollst\u00e4ndigkeit und Aktualit\u00e4t der bereitgestellten Inhalte k\u00f6nnen [&hellip;]<\/p>\n","protected":false},"author":1,"featured_media":0,"parent":0,"menu_order":0,"comment_status":"closed","ping_status":"closed","template":"","meta":{"footnotes":""},"class_list":["post-30","page","type-page","status-publish","hentry"],"yoast_head":"<!-- This site is optimized with the Yoast SEO plugin v27.5 - https:\/\/yoast.com\/product\/yoast-seo-wordpress\/ -->\n<title>Impressum - Leadership Consulting Group<\/title>\n<meta name=\"description\" content=\"Unser Impressum: Sie finden hier Informationen hinsichtlich der Verantwortlichkeit f\u00fcr den Inhalt unserer Website.\" \/>\n<meta name=\"robots\" content=\"index, follow, max-snippet:-1, max-image-preview:large, max-video-preview:-1\" \/>\n<link rel=\"canonical\" href=\"https:\/\/www.leadership-consulting-group.com\/cms\/en\/impressum\/\" \/>\n<meta property=\"og:locale\" content=\"en_GB\" \/>\n<meta property=\"og:type\" content=\"article\" \/>\n<meta property=\"og:title\" content=\"Impressum - Leadership Consulting Group\" \/>\n<meta property=\"og:description\" content=\"Unser Impressum: Sie finden hier Informationen hinsichtlich der Verantwortlichkeit f\u00fcr den Inhalt unserer Website.\" \/>\n<meta property=\"og:url\" content=\"https:\/\/www.leadership-consulting-group.com\/cms\/en\/impressum\/\" \/>\n<meta property=\"og:site_name\" content=\"Leadership Consulting Group\" \/>\n<meta property=\"article:modified_time\" content=\"2024-02-04T06:23:27+00:00\" \/>\n<meta name=\"twitter:card\" content=\"summary_large_image\" \/>\n<meta name=\"twitter:label1\" content=\"Estimated reading time\" \/>\n\t<meta name=\"twitter:data1\" content=\"2 minutes\" \/>\n<script type=\"application\/ld+json\" class=\"yoast-schema-graph\">{\"@context\":\"https:\\\/\\\/schema.org\",\"@graph\":[{\"@type\":\"WebPage\",\"@id\":\"https:\\\/\\\/www.leadership-consulting-group.com\\\/cms\\\/impressum\\\/\",\"url\":\"https:\\\/\\\/www.leadership-consulting-group.com\\\/cms\\\/impressum\\\/\",\"name\":\"Impressum - Leadership Consulting Group\",\"isPartOf\":{\"@id\":\"https:\\\/\\\/www.leadership-consulting-group.com\\\/cms\\\/#website\"},\"datePublished\":\"2023-11-26T07:24:41+00:00\",\"dateModified\":\"2024-02-04T06:23:27+00:00\",\"description\":\"Unser Impressum: Sie finden hier Informationen hinsichtlich der Verantwortlichkeit f\u00fcr den Inhalt unserer Website.\",\"breadcrumb\":{\"@id\":\"https:\\\/\\\/www.leadership-consulting-group.com\\\/cms\\\/impressum\\\/#breadcrumb\"},\"inLanguage\":\"en-GB\",\"potentialAction\":[{\"@type\":\"ReadAction\",\"target\":[\"https:\\\/\\\/www.leadership-consulting-group.com\\\/cms\\\/impressum\\\/\"]}]},{\"@type\":\"BreadcrumbList\",\"@id\":\"https:\\\/\\\/www.leadership-consulting-group.com\\\/cms\\\/impressum\\\/#breadcrumb\",\"itemListElement\":[{\"@type\":\"ListItem\",\"position\":1,\"name\":\"Startseite\",\"item\":\"https:\\\/\\\/www.leadership-consulting-group.com\\\/cms\\\/\"},{\"@type\":\"ListItem\",\"position\":2,\"name\":\"Impressum\"}]},{\"@type\":\"WebSite\",\"@id\":\"https:\\\/\\\/www.leadership-consulting-group.com\\\/cms\\\/#website\",\"url\":\"https:\\\/\\\/www.leadership-consulting-group.com\\\/cms\\\/\",\"name\":\"Leadership Consulting Group\",\"description\":\"Eine neue Zeit braucht neue L\u00f6sungen\",\"publisher\":{\"@id\":\"https:\\\/\\\/www.leadership-consulting-group.com\\\/cms\\\/#organization\"},\"potentialAction\":[{\"@type\":\"SearchAction\",\"target\":{\"@type\":\"EntryPoint\",\"urlTemplate\":\"https:\\\/\\\/www.leadership-consulting-group.com\\\/cms\\\/?s={search_term_string}\"},\"query-input\":{\"@type\":\"PropertyValueSpecification\",\"valueRequired\":true,\"valueName\":\"search_term_string\"}}],\"inLanguage\":\"en-GB\"},{\"@type\":\"Organization\",\"@id\":\"https:\\\/\\\/www.leadership-consulting-group.com\\\/cms\\\/#organization\",\"name\":\"Leadership Consulting Group\",\"url\":\"https:\\\/\\\/www.leadership-consulting-group.com\\\/cms\\\/\",\"logo\":{\"@type\":\"ImageObject\",\"inLanguage\":\"en-GB\",\"@id\":\"https:\\\/\\\/www.leadership-consulting-group.com\\\/cms\\\/#\\\/schema\\\/logo\\\/image\\\/\",\"url\":\"https:\\\/\\\/www.leadership-consulting-group.com\\\/cms\\\/wp-content\\\/uploads\\\/2023\\\/11\\\/LCG-Logo-low-res.png\",\"contentUrl\":\"https:\\\/\\\/www.leadership-consulting-group.com\\\/cms\\\/wp-content\\\/uploads\\\/2023\\\/11\\\/LCG-Logo-low-res.png\",\"width\":112,\"height\":40,\"caption\":\"Leadership Consulting Group\"},\"image\":{\"@id\":\"https:\\\/\\\/www.leadership-consulting-group.com\\\/cms\\\/#\\\/schema\\\/logo\\\/image\\\/\"}}]}<\/script>\n<!-- \/ Yoast SEO plugin. -->","yoast_head_json":{"title":"Impressum - Leadership Consulting Group","description":"Unser Impressum: Sie finden hier Informationen hinsichtlich der Verantwortlichkeit f\u00fcr den Inhalt unserer Website.","robots":{"index":"index","follow":"follow","max-snippet":"max-snippet:-1","max-image-preview":"max-image-preview:large","max-video-preview":"max-video-preview:-1"},"canonical":"https:\/\/www.leadership-consulting-group.com\/cms\/en\/impressum\/","og_locale":"en_GB","og_type":"article","og_title":"Impressum - Leadership Consulting Group","og_description":"Unser Impressum: Sie finden hier Informationen hinsichtlich der Verantwortlichkeit f\u00fcr den Inhalt unserer Website.","og_url":"https:\/\/www.leadership-consulting-group.com\/cms\/en\/impressum\/","og_site_name":"Leadership Consulting Group","article_modified_time":"2024-02-04T06:23:27+00:00","twitter_card":"summary_large_image","twitter_misc":{"Estimated reading time":"2 minutes"},"schema":{"@context":"https:\/\/schema.org","@graph":[{"@type":"WebPage","@id":"https:\/\/www.leadership-consulting-group.com\/cms\/impressum\/","url":"https:\/\/www.leadership-consulting-group.com\/cms\/impressum\/","name":"Impressum - Leadership Consulting Group","isPartOf":{"@id":"https:\/\/www.leadership-consulting-group.com\/cms\/#website"},"datePublished":"2023-11-26T07:24:41+00:00","dateModified":"2024-02-04T06:23:27+00:00","description":"Unser Impressum: Sie finden hier Informationen hinsichtlich der Verantwortlichkeit f\u00fcr den Inhalt unserer Website.","breadcrumb":{"@id":"https:\/\/www.leadership-consulting-group.com\/cms\/impressum\/#breadcrumb"},"inLanguage":"en-GB","potentialAction":[{"@type":"ReadAction","target":["https:\/\/www.leadership-consulting-group.com\/cms\/impressum\/"]}]},{"@type":"BreadcrumbList","@id":"https:\/\/www.leadership-consulting-group.com\/cms\/impressum\/#breadcrumb","itemListElement":[{"@type":"ListItem","position":1,"name":"Startseite","item":"https:\/\/www.leadership-consulting-group.com\/cms\/"},{"@type":"ListItem","position":2,"name":"Impressum"}]},{"@type":"WebSite","@id":"https:\/\/www.leadership-consulting-group.com\/cms\/#website","url":"https:\/\/www.leadership-consulting-group.com\/cms\/","name":"Leadership Consulting Group","description":"Eine neue Zeit braucht neue L\u00f6sungen","publisher":{"@id":"https:\/\/www.leadership-consulting-group.com\/cms\/#organization"},"potentialAction":[{"@type":"SearchAction","target":{"@type":"EntryPoint","urlTemplate":"https:\/\/www.leadership-consulting-group.com\/cms\/?s={search_term_string}"},"query-input":{"@type":"PropertyValueSpecification","valueRequired":true,"valueName":"search_term_string"}}],"inLanguage":"en-GB"},{"@type":"Organization","@id":"https:\/\/www.leadership-consulting-group.com\/cms\/#organization","name":"Leadership Consulting Group","url":"https:\/\/www.leadership-consulting-group.com\/cms\/","logo":{"@type":"ImageObject","inLanguage":"en-GB","@id":"https:\/\/www.leadership-consulting-group.com\/cms\/#\/schema\/logo\/image\/","url":"https:\/\/www.leadership-consulting-group.com\/cms\/wp-content\/uploads\/2023\/11\/LCG-Logo-low-res.png","contentUrl":"https:\/\/www.leadership-consulting-group.com\/cms\/wp-content\/uploads\/2023\/11\/LCG-Logo-low-res.png","width":112,"height":40,"caption":"Leadership Consulting Group"},"image":{"@id":"https:\/\/www.leadership-consulting-group.com\/cms\/#\/schema\/logo\/image\/"}}]}},"_links":{"self":[{"href":"https:\/\/www.leadership-consulting-group.com\/cms\/en\/wp-json\/wp\/v2\/pages\/30","targetHints":{"allow":["GET"]}}],"collection":[{"href":"https:\/\/www.leadership-consulting-group.com\/cms\/en\/wp-json\/wp\/v2\/pages"}],"about":[{"href":"https:\/\/www.leadership-consulting-group.com\/cms\/en\/wp-json\/wp\/v2\/types\/page"}],"author":[{"embeddable":true,"href":"https:\/\/www.leadership-consulting-group.com\/cms\/en\/wp-json\/wp\/v2\/users\/1"}],"replies":[{"embeddable":true,"href":"https:\/\/www.leadership-consulting-group.com\/cms\/en\/wp-json\/wp\/v2\/comments?post=30"}],"version-history":[{"count":64,"href":"https:\/\/www.leadership-consulting-group.com\/cms\/en\/wp-json\/wp\/v2\/pages\/30\/revisions"}],"predecessor-version":[{"id":1394,"href":"https:\/\/www.leadership-consulting-group.com\/cms\/en\/wp-json\/wp\/v2\/pages\/30\/revisions\/1394"}],"wp:attachment":[{"href":"https:\/\/www.leadership-consulting-group.com\/cms\/en\/wp-json\/wp\/v2\/media?parent=30"}],"curies":[{"name":"wp","href":"https:\/\/api.w.org\/{rel}","templated":true}]}}