{"id":1161,"date":"2024-01-30T15:06:10","date_gmt":"2024-01-30T14:06:10","guid":{"rendered":"https:\/\/www.leadership-consulting-group.com\/cms\/?page_id=1161"},"modified":"2025-08-11T15:19:25","modified_gmt":"2025-08-11T14:19:25","slug":"unser-ansatz","status":"publish","type":"page","link":"https:\/\/www.leadership-consulting-group.com\/cms\/unser-ansatz\/","title":{"rendered":"Unser Ansatz"},"content":{"rendered":"\t\t<div data-elementor-type=\"wp-page\" data-elementor-id=\"1161\" class=\"elementor elementor-1161\" data-elementor-post-type=\"page\">\n\t\t\t\t<div class=\"elementor-element elementor-element-b778d79 e-flex e-con-boxed e-con e-parent\" data-id=\"b778d79\" data-element_type=\"container\" data-e-type=\"container\">\n\t\t\t\t\t<div class=\"e-con-inner\">\n\t\t\t\t<div class=\"elementor-element elementor-element-e78d1cb elementor-widget elementor-widget-heading\" data-id=\"e78d1cb\" data-element_type=\"widget\" data-e-type=\"widget\" data-widget_type=\"heading.default\">\n\t\t\t\t<div class=\"elementor-widget-container\">\n\t\t\t\t\t<h1 class=\"elementor-heading-title elementor-size-large\"><span style=\"font-weight: 700\">UNSER VERST\u00c4NDNIS VON LEADERSHIP<span style=\"color:#FF0000;font-size: 60px;line-height:5px\">.<\/span><\/h1>\t\t\t\t<\/div>\n\t\t\t\t<\/div>\n\t\t\t\t\t<\/div>\n\t\t\t\t<\/div>\n\t\t<div class=\"elementor-element elementor-element-2203748 e-flex e-con-boxed e-con e-parent\" data-id=\"2203748\" data-element_type=\"container\" data-e-type=\"container\">\n\t\t\t\t\t<div class=\"e-con-inner\">\n\t\t\t\t<div class=\"elementor-element elementor-element-a5f1607 elementor-widget__width-initial elementor-widget elementor-widget-image\" data-id=\"a5f1607\" data-element_type=\"widget\" data-e-type=\"widget\" data-widget_type=\"image.default\">\n\t\t\t\t<div class=\"elementor-widget-container\">\n\t\t\t\t\t\t\t\t\t\t\t\t\t\t\t<img decoding=\"async\" src=\"https:\/\/www.leadership-consulting-group.com\/cms\/wp-content\/uploads\/2025\/08\/Leadership-Value-Modell-DE-scaled.png\" title=\"Leadership Value Modell DE\" alt=\"Leadership Value Modell DE\" loading=\"lazy\" \/>\t\t\t\t\t\t\t\t\t\t\t\t\t\t\t<\/div>\n\t\t\t\t<\/div>\n\t\t\t\t<div class=\"elementor-element elementor-element-e69e5d0 elementor-widget elementor-widget-text-editor\" data-id=\"e69e5d0\" data-element_type=\"widget\" data-e-type=\"widget\" data-widget_type=\"text-editor.default\">\n\t\t\t\t<div class=\"elementor-widget-container\">\n\t\t\t\t\t\t\t\t\t<p>Obwohl die Forschung zunehmend einen prozessorientierten F\u00fchrungsansatz bef\u00fcrwortet, dominiert in vielen F\u00fchrungskonzepten nach wie vor das Bild des heroischen Leaders. Dieses Verst\u00e4ndnis wird stark durch die wissenschaftlichen und\u00a0 popul\u00e4ren Medien gest\u00fctzt. So entsteht der Eindruck, dass F\u00fchrung auf ein fixes Pers\u00f6nlichkeitsprofil reduzierbar sei.<\/p><p><strong>Unser Verst\u00e4ndnis<\/strong> l\u00f6st sich bewusst von dieser personenbezogenen Perspektive und r\u00fcckt stattdessen die Funktion von Leadership ins Zentrum. Wer das Wesen von Leadership wirklich verstehen und analysieren will, muss die <strong>Organisation als produktives, soziales und komplexes System<\/strong> betrachten \u2013 und fragen, welcher Nutzen durch welche Formen von Gestaltung, Steuerung und Entwicklung entsteht.<\/p><p><strong>Wir verstehen Leadership daher als die \u00dcbernahme von Verantwortung, um Organisationen \u2013 und die Menschen darin \u2013 zur Transformation von Ressourcen in Nutzen zu bef\u00e4higen: f\u00fcr Kunden, f\u00fcr die Organisation, f\u00fcr Mitarbeitende und f\u00fcr die Gesellschaft.<\/strong><\/p><p>Leadership ist in unserem Verst\u00e4ndnis eine umfassende, gesellschaftsgestaltende Funktion \u2013 und in weiten Teilen lehr- und lernbar.<\/p>\t\t\t\t\t\t\t\t<\/div>\n\t\t\t\t<\/div>\n\t\t\t\t\t<\/div>\n\t\t\t\t<\/div>\n\t\t<div class=\"elementor-element elementor-element-d198f89 e-flex e-con-boxed e-con e-parent\" data-id=\"d198f89\" data-element_type=\"container\" data-e-type=\"container\">\n\t\t\t\t\t<div class=\"e-con-inner\">\n\t\t\t\t<div class=\"elementor-element elementor-element-de72351 elementor-widget elementor-widget-heading\" data-id=\"de72351\" data-element_type=\"widget\" data-e-type=\"widget\" data-widget_type=\"heading.default\">\n\t\t\t\t<div class=\"elementor-widget-container\">\n\t\t\t\t\t<h1 class=\"elementor-heading-title elementor-size-large\"><span style=\"font-weight: 700\">UNSER ANSATZ<span style=\"color:#FF0000;font-size: 60px;line-height:5px\">.<\/span><\/h1>\t\t\t\t<\/div>\n\t\t\t\t<\/div>\n\t\t\t\t\t<\/div>\n\t\t\t\t<\/div>\n\t\t<div class=\"elementor-element elementor-element-7279ee7 e-flex e-con-boxed e-con e-parent\" data-id=\"7279ee7\" data-element_type=\"container\" data-e-type=\"container\">\n\t\t\t\t\t<div class=\"e-con-inner\">\n\t\t\t\t<div class=\"elementor-element elementor-element-49d3ed0 elementor-widget elementor-widget-text-editor\" data-id=\"49d3ed0\" data-element_type=\"widget\" data-e-type=\"widget\" data-widget_type=\"text-editor.default\">\n\t\t\t\t<div class=\"elementor-widget-container\">\n\t\t\t\t\t\t\t\t\t<p>Unser Angebot und unsere Expertise liegen in der Organisationsberatung, dem Training von F\u00fchrungskr\u00e4ften und der Umsetzung kollaborativer und partizipativer Interventionen \u2013 mit dem Ziel, wirkungsvolle Transformationen in Organisationen zu erm\u00f6glichen.<\/p><p>Anstelle vorgefertigter Konzepte entwickeln wir gemeinsam mit unseren Klientinnen und Klienten system- und kontextbezogene L\u00f6sungen. Diese orientieren sich am Markt, an den Kundenbed\u00fcrfnissen und integrieren das vorhandene Wissen innerhalb der Organisation sowie ihres Umfelds.<\/p><p>Unsere Arbeitsweise basiert auf pr\u00e4ziser Beobachtung, fundierter Analyse und konsequenter L\u00f6sungsorientierung. Unser Auftrag besteht darin, die aktuelle Situation in ihrer Tiefe zu verstehen, ihre Entstehungsdynamik nachzuvollziehen und m\u00f6gliche Konsequenzen transparent zu machen. Auf dieser Grundlage erarbeiten wir tragf\u00e4hige Handlungsoptionen, die fundierte Entscheidungen erm\u00f6glichen.<\/p>\t\t\t\t\t\t\t\t<\/div>\n\t\t\t\t<\/div>\n\t\t\t\t\t<\/div>\n\t\t\t\t<\/div>\n\t\t<div class=\"elementor-element elementor-element-c2f1457 e-flex e-con-boxed e-con e-parent\" data-id=\"c2f1457\" data-element_type=\"container\" data-e-type=\"container\">\n\t\t\t\t\t<div class=\"e-con-inner\">\n\t\t\t\t<div class=\"elementor-element elementor-element-61c2567 elementor-widget elementor-widget-spacer\" data-id=\"61c2567\" data-element_type=\"widget\" data-e-type=\"widget\" data-widget_type=\"spacer.default\">\n\t\t\t\t<div class=\"elementor-widget-container\">\n\t\t\t\t\t\t\t<div class=\"elementor-spacer\">\n\t\t\t<div class=\"elementor-spacer-inner\"><\/div>\n\t\t<\/div>\n\t\t\t\t\t\t<\/div>\n\t\t\t\t<\/div>\n\t\t\t\t\t<\/div>\n\t\t\t\t<\/div>\n\t\t<div class=\"elementor-element elementor-element-990a19a e-flex e-con-boxed e-con e-parent\" data-id=\"990a19a\" data-element_type=\"container\" data-e-type=\"container\">\n\t\t\t\t\t<div class=\"e-con-inner\">\n\t\t\t\t\t<\/div>\n\t\t\t\t<\/div>\n\t\t<div class=\"elementor-element elementor-element-f5b7cbd e-flex e-con-boxed e-con e-parent\" data-id=\"f5b7cbd\" data-element_type=\"container\" data-e-type=\"container\">\n\t\t\t\t\t<div class=\"e-con-inner\">\n\t\t\t\t<div class=\"elementor-element elementor-element-7d51998 elementor-widget elementor-widget-spacer\" data-id=\"7d51998\" data-element_type=\"widget\" data-e-type=\"widget\" data-widget_type=\"spacer.default\">\n\t\t\t\t<div class=\"elementor-widget-container\">\n\t\t\t\t\t\t\t<div class=\"elementor-spacer\">\n\t\t\t<div class=\"elementor-spacer-inner\"><\/div>\n\t\t<\/div>\n\t\t\t\t\t\t<\/div>\n\t\t\t\t<\/div>\n\t\t\t\t\t<\/div>\n\t\t\t\t<\/div>\n\t\t\t\t<\/div>\n\t\t","protected":false},"excerpt":{"rendered":"<p>Unser innovativer und vernetzter Ansatz zum Umgang mit herausfordernden uns sich st\u00e4ndig ver\u00e4ndernden Umgebungen.<\/p>\n","protected":false},"author":1,"featured_media":0,"parent":0,"menu_order":0,"comment_status":"closed","ping_status":"closed","template":"","meta":{"footnotes":""},"class_list":["post-1161","page","type-page","status-publish","hentry"],"yoast_head":"<!-- This site is optimized with the Yoast SEO plugin v27.5 - https:\/\/yoast.com\/product\/yoast-seo-wordpress\/ -->\n<title>Unser Ansatz - Leadership Consulting Group<\/title>\n<meta name=\"description\" content=\"Innovative und vernetzte Ans\u00e4tze f\u00fcr Organisationen zum Umgang mit herausfordernden uns sich st\u00e4ndig ver\u00e4ndernden Umgebungen.\" \/>\n<meta name=\"robots\" content=\"index, follow, max-snippet:-1, max-image-preview:large, max-video-preview:-1\" \/>\n<link rel=\"canonical\" href=\"https:\/\/www.leadership-consulting-group.com\/cms\/unser-ansatz\/\" \/>\n<meta property=\"og:locale\" content=\"de_DE\" \/>\n<meta property=\"og:type\" content=\"article\" \/>\n<meta property=\"og:title\" content=\"Unser Ansatz - Leadership Consulting Group\" \/>\n<meta property=\"og:description\" content=\"Innovative und vernetzte Ans\u00e4tze f\u00fcr Organisationen zum Umgang mit herausfordernden uns sich st\u00e4ndig ver\u00e4ndernden Umgebungen.\" \/>\n<meta property=\"og:url\" content=\"https:\/\/www.leadership-consulting-group.com\/cms\/unser-ansatz\/\" \/>\n<meta property=\"og:site_name\" content=\"Leadership Consulting Group\" \/>\n<meta property=\"article:modified_time\" content=\"2025-08-11T14:19:25+00:00\" \/>\n<meta property=\"og:image\" content=\"https:\/\/www.leadership-consulting-group.com\/cms\/wp-content\/uploads\/2025\/08\/Leadership-Value-Modell-DE-scaled.png\" \/>\n<meta name=\"twitter:card\" content=\"summary_large_image\" \/>\n<meta name=\"twitter:label1\" content=\"Gesch\u00e4tzte Lesezeit\" \/>\n\t<meta name=\"twitter:data1\" content=\"2\u00a0Minuten\" \/>\n<script type=\"application\/ld+json\" class=\"yoast-schema-graph\">{\"@context\":\"https:\\\/\\\/schema.org\",\"@graph\":[{\"@type\":\"WebPage\",\"@id\":\"https:\\\/\\\/www.leadership-consulting-group.com\\\/cms\\\/unser-ansatz\\\/\",\"url\":\"https:\\\/\\\/www.leadership-consulting-group.com\\\/cms\\\/unser-ansatz\\\/\",\"name\":\"Unser Ansatz - Leadership Consulting Group\",\"isPartOf\":{\"@id\":\"https:\\\/\\\/www.leadership-consulting-group.com\\\/cms\\\/#website\"},\"primaryImageOfPage\":{\"@id\":\"https:\\\/\\\/www.leadership-consulting-group.com\\\/cms\\\/unser-ansatz\\\/#primaryimage\"},\"image\":{\"@id\":\"https:\\\/\\\/www.leadership-consulting-group.com\\\/cms\\\/unser-ansatz\\\/#primaryimage\"},\"thumbnailUrl\":\"https:\\\/\\\/www.leadership-consulting-group.com\\\/cms\\\/wp-content\\\/uploads\\\/2025\\\/08\\\/Leadership-Value-Modell-DE-scaled.png\",\"datePublished\":\"2024-01-30T14:06:10+00:00\",\"dateModified\":\"2025-08-11T14:19:25+00:00\",\"description\":\"Innovative und vernetzte Ans\u00e4tze f\u00fcr Organisationen zum Umgang mit herausfordernden uns sich st\u00e4ndig ver\u00e4ndernden Umgebungen.\",\"breadcrumb\":{\"@id\":\"https:\\\/\\\/www.leadership-consulting-group.com\\\/cms\\\/unser-ansatz\\\/#breadcrumb\"},\"inLanguage\":\"de\",\"potentialAction\":[{\"@type\":\"ReadAction\",\"target\":[\"https:\\\/\\\/www.leadership-consulting-group.com\\\/cms\\\/unser-ansatz\\\/\"]}]},{\"@type\":\"ImageObject\",\"inLanguage\":\"de\",\"@id\":\"https:\\\/\\\/www.leadership-consulting-group.com\\\/cms\\\/unser-ansatz\\\/#primaryimage\",\"url\":\"https:\\\/\\\/www.leadership-consulting-group.com\\\/cms\\\/wp-content\\\/uploads\\\/2025\\\/08\\\/Leadership-Value-Modell-DE-scaled.png\",\"contentUrl\":\"https:\\\/\\\/www.leadership-consulting-group.com\\\/cms\\\/wp-content\\\/uploads\\\/2025\\\/08\\\/Leadership-Value-Modell-DE-scaled.png\",\"width\":2560,\"height\":1618},{\"@type\":\"BreadcrumbList\",\"@id\":\"https:\\\/\\\/www.leadership-consulting-group.com\\\/cms\\\/unser-ansatz\\\/#breadcrumb\",\"itemListElement\":[{\"@type\":\"ListItem\",\"position\":1,\"name\":\"Startseite\",\"item\":\"https:\\\/\\\/www.leadership-consulting-group.com\\\/cms\\\/\"},{\"@type\":\"ListItem\",\"position\":2,\"name\":\"Unser Ansatz\"}]},{\"@type\":\"WebSite\",\"@id\":\"https:\\\/\\\/www.leadership-consulting-group.com\\\/cms\\\/#website\",\"url\":\"https:\\\/\\\/www.leadership-consulting-group.com\\\/cms\\\/\",\"name\":\"Leadership Consulting Group\",\"description\":\"Eine neue Zeit braucht neue L\u00f6sungen\",\"publisher\":{\"@id\":\"https:\\\/\\\/www.leadership-consulting-group.com\\\/cms\\\/#organization\"},\"potentialAction\":[{\"@type\":\"SearchAction\",\"target\":{\"@type\":\"EntryPoint\",\"urlTemplate\":\"https:\\\/\\\/www.leadership-consulting-group.com\\\/cms\\\/?s={search_term_string}\"},\"query-input\":{\"@type\":\"PropertyValueSpecification\",\"valueRequired\":true,\"valueName\":\"search_term_string\"}}],\"inLanguage\":\"de\"},{\"@type\":\"Organization\",\"@id\":\"https:\\\/\\\/www.leadership-consulting-group.com\\\/cms\\\/#organization\",\"name\":\"Leadership Consulting Group\",\"url\":\"https:\\\/\\\/www.leadership-consulting-group.com\\\/cms\\\/\",\"logo\":{\"@type\":\"ImageObject\",\"inLanguage\":\"de\",\"@id\":\"https:\\\/\\\/www.leadership-consulting-group.com\\\/cms\\\/#\\\/schema\\\/logo\\\/image\\\/\",\"url\":\"https:\\\/\\\/www.leadership-consulting-group.com\\\/cms\\\/wp-content\\\/uploads\\\/2023\\\/11\\\/LCG-Logo-low-res.png\",\"contentUrl\":\"https:\\\/\\\/www.leadership-consulting-group.com\\\/cms\\\/wp-content\\\/uploads\\\/2023\\\/11\\\/LCG-Logo-low-res.png\",\"width\":112,\"height\":40,\"caption\":\"Leadership Consulting Group\"},\"image\":{\"@id\":\"https:\\\/\\\/www.leadership-consulting-group.com\\\/cms\\\/#\\\/schema\\\/logo\\\/image\\\/\"}}]}<\/script>\n<!-- \/ Yoast SEO plugin. -->","yoast_head_json":{"title":"Unser Ansatz - Leadership Consulting Group","description":"Innovative und vernetzte Ans\u00e4tze f\u00fcr Organisationen zum Umgang mit herausfordernden uns sich st\u00e4ndig ver\u00e4ndernden Umgebungen.","robots":{"index":"index","follow":"follow","max-snippet":"max-snippet:-1","max-image-preview":"max-image-preview:large","max-video-preview":"max-video-preview:-1"},"canonical":"https:\/\/www.leadership-consulting-group.com\/cms\/unser-ansatz\/","og_locale":"de_DE","og_type":"article","og_title":"Unser Ansatz - Leadership Consulting Group","og_description":"Innovative und vernetzte Ans\u00e4tze f\u00fcr Organisationen zum Umgang mit herausfordernden uns sich st\u00e4ndig ver\u00e4ndernden Umgebungen.","og_url":"https:\/\/www.leadership-consulting-group.com\/cms\/unser-ansatz\/","og_site_name":"Leadership Consulting Group","article_modified_time":"2025-08-11T14:19:25+00:00","og_image":[{"url":"https:\/\/www.leadership-consulting-group.com\/cms\/wp-content\/uploads\/2025\/08\/Leadership-Value-Modell-DE-scaled.png","type":"","width":"","height":""}],"twitter_card":"summary_large_image","twitter_misc":{"Gesch\u00e4tzte Lesezeit":"2\u00a0Minuten"},"schema":{"@context":"https:\/\/schema.org","@graph":[{"@type":"WebPage","@id":"https:\/\/www.leadership-consulting-group.com\/cms\/unser-ansatz\/","url":"https:\/\/www.leadership-consulting-group.com\/cms\/unser-ansatz\/","name":"Unser Ansatz - Leadership Consulting Group","isPartOf":{"@id":"https:\/\/www.leadership-consulting-group.com\/cms\/#website"},"primaryImageOfPage":{"@id":"https:\/\/www.leadership-consulting-group.com\/cms\/unser-ansatz\/#primaryimage"},"image":{"@id":"https:\/\/www.leadership-consulting-group.com\/cms\/unser-ansatz\/#primaryimage"},"thumbnailUrl":"https:\/\/www.leadership-consulting-group.com\/cms\/wp-content\/uploads\/2025\/08\/Leadership-Value-Modell-DE-scaled.png","datePublished":"2024-01-30T14:06:10+00:00","dateModified":"2025-08-11T14:19:25+00:00","description":"Innovative und vernetzte Ans\u00e4tze f\u00fcr Organisationen zum Umgang mit herausfordernden uns sich st\u00e4ndig ver\u00e4ndernden Umgebungen.","breadcrumb":{"@id":"https:\/\/www.leadership-consulting-group.com\/cms\/unser-ansatz\/#breadcrumb"},"inLanguage":"de","potentialAction":[{"@type":"ReadAction","target":["https:\/\/www.leadership-consulting-group.com\/cms\/unser-ansatz\/"]}]},{"@type":"ImageObject","inLanguage":"de","@id":"https:\/\/www.leadership-consulting-group.com\/cms\/unser-ansatz\/#primaryimage","url":"https:\/\/www.leadership-consulting-group.com\/cms\/wp-content\/uploads\/2025\/08\/Leadership-Value-Modell-DE-scaled.png","contentUrl":"https:\/\/www.leadership-consulting-group.com\/cms\/wp-content\/uploads\/2025\/08\/Leadership-Value-Modell-DE-scaled.png","width":2560,"height":1618},{"@type":"BreadcrumbList","@id":"https:\/\/www.leadership-consulting-group.com\/cms\/unser-ansatz\/#breadcrumb","itemListElement":[{"@type":"ListItem","position":1,"name":"Startseite","item":"https:\/\/www.leadership-consulting-group.com\/cms\/"},{"@type":"ListItem","position":2,"name":"Unser Ansatz"}]},{"@type":"WebSite","@id":"https:\/\/www.leadership-consulting-group.com\/cms\/#website","url":"https:\/\/www.leadership-consulting-group.com\/cms\/","name":"Leadership Consulting Group","description":"Eine neue Zeit braucht neue L\u00f6sungen","publisher":{"@id":"https:\/\/www.leadership-consulting-group.com\/cms\/#organization"},"potentialAction":[{"@type":"SearchAction","target":{"@type":"EntryPoint","urlTemplate":"https:\/\/www.leadership-consulting-group.com\/cms\/?s={search_term_string}"},"query-input":{"@type":"PropertyValueSpecification","valueRequired":true,"valueName":"search_term_string"}}],"inLanguage":"de"},{"@type":"Organization","@id":"https:\/\/www.leadership-consulting-group.com\/cms\/#organization","name":"Leadership Consulting Group","url":"https:\/\/www.leadership-consulting-group.com\/cms\/","logo":{"@type":"ImageObject","inLanguage":"de","@id":"https:\/\/www.leadership-consulting-group.com\/cms\/#\/schema\/logo\/image\/","url":"https:\/\/www.leadership-consulting-group.com\/cms\/wp-content\/uploads\/2023\/11\/LCG-Logo-low-res.png","contentUrl":"https:\/\/www.leadership-consulting-group.com\/cms\/wp-content\/uploads\/2023\/11\/LCG-Logo-low-res.png","width":112,"height":40,"caption":"Leadership Consulting Group"},"image":{"@id":"https:\/\/www.leadership-consulting-group.com\/cms\/#\/schema\/logo\/image\/"}}]}},"_links":{"self":[{"href":"https:\/\/www.leadership-consulting-group.com\/cms\/wp-json\/wp\/v2\/pages\/1161","targetHints":{"allow":["GET"]}}],"collection":[{"href":"https:\/\/www.leadership-consulting-group.com\/cms\/wp-json\/wp\/v2\/pages"}],"about":[{"href":"https:\/\/www.leadership-consulting-group.com\/cms\/wp-json\/wp\/v2\/types\/page"}],"author":[{"embeddable":true,"href":"https:\/\/www.leadership-consulting-group.com\/cms\/wp-json\/wp\/v2\/users\/1"}],"replies":[{"embeddable":true,"href":"https:\/\/www.leadership-consulting-group.com\/cms\/wp-json\/wp\/v2\/comments?post=1161"}],"version-history":[{"count":74,"href":"https:\/\/www.leadership-consulting-group.com\/cms\/wp-json\/wp\/v2\/pages\/1161\/revisions"}],"predecessor-version":[{"id":3066,"href":"https:\/\/www.leadership-consulting-group.com\/cms\/wp-json\/wp\/v2\/pages\/1161\/revisions\/3066"}],"wp:attachment":[{"href":"https:\/\/www.leadership-consulting-group.com\/cms\/wp-json\/wp\/v2\/media?parent=1161"}],"curies":[{"name":"wp","href":"https:\/\/api.w.org\/{rel}","templated":true}]}}