{"id":40,"date":"2023-11-26T08:31:23","date_gmt":"2023-11-26T07:31:23","guid":{"rendered":"https:\/\/www.leadership-consulting-group.com\/cms\/?page_id=40"},"modified":"2025-03-03T09:54:48","modified_gmt":"2025-03-03T08:54:48","slug":"ueber-uns","status":"publish","type":"page","link":"https:\/\/www.leadership-consulting-group.com\/cms\/ueber-uns\/","title":{"rendered":"\u00dcber uns"},"content":{"rendered":"\t\t<div data-elementor-type=\"wp-page\" data-elementor-id=\"40\" class=\"elementor elementor-40\" data-elementor-post-type=\"page\">\n\t\t\t\t<div class=\"elementor-element elementor-element-0e29d6a e-flex e-con-boxed e-con e-parent\" data-id=\"0e29d6a\" data-element_type=\"container\" data-e-type=\"container\" data-settings=\"{&quot;background_background&quot;:&quot;classic&quot;}\">\n\t\t\t\t\t<div class=\"e-con-inner\">\n\t\t\t\t<div class=\"elementor-element elementor-element-ada1cf9 elementor-widget elementor-widget-spacer\" data-id=\"ada1cf9\" data-element_type=\"widget\" data-e-type=\"widget\" data-widget_type=\"spacer.default\">\n\t\t\t\t<div class=\"elementor-widget-container\">\n\t\t\t\t\t\t\t<div class=\"elementor-spacer\">\n\t\t\t<div class=\"elementor-spacer-inner\"><\/div>\n\t\t<\/div>\n\t\t\t\t\t\t<\/div>\n\t\t\t\t<\/div>\n\t\t\t\t\t<\/div>\n\t\t\t\t<\/div>\n\t\t<div class=\"elementor-element elementor-element-51c8f75 e-con-full e-flex e-con e-parent\" data-id=\"51c8f75\" data-element_type=\"container\" data-e-type=\"container\" data-settings=\"{&quot;background_background&quot;:&quot;classic&quot;}\">\n\t\t\t\t<div class=\"elementor-element elementor-element-57f7d4f elementor-widget elementor-widget-image\" data-id=\"57f7d4f\" data-element_type=\"widget\" data-e-type=\"widget\" data-widget_type=\"image.default\">\n\t\t\t\t<div class=\"elementor-widget-container\">\n\t\t\t\t\t\t\t\t\t\t\t\t\t\t\t<img fetchpriority=\"high\" decoding=\"async\" width=\"800\" height=\"300\" src=\"https:\/\/www.leadership-consulting-group.com\/cms\/wp-content\/uploads\/2024\/01\/LCG-Team-3-1024x384.jpg\" class=\"attachment-large size-large wp-image-1020\" alt=\"LCG-Unser Team\" srcset=\"https:\/\/www.leadership-consulting-group.com\/cms\/wp-content\/uploads\/2024\/01\/LCG-Team-3-1024x384.jpg 1024w, https:\/\/www.leadership-consulting-group.com\/cms\/wp-content\/uploads\/2024\/01\/LCG-Team-3-300x113.jpg 300w, https:\/\/www.leadership-consulting-group.com\/cms\/wp-content\/uploads\/2024\/01\/LCG-Team-3-768x288.jpg 768w, https:\/\/www.leadership-consulting-group.com\/cms\/wp-content\/uploads\/2024\/01\/LCG-Team-3-1536x576.jpg 1536w, https:\/\/www.leadership-consulting-group.com\/cms\/wp-content\/uploads\/2024\/01\/LCG-Team-3.jpg 1600w\" sizes=\"(max-width: 800px) 100vw, 800px\" \/>\t\t\t\t\t\t\t\t\t\t\t\t\t\t\t<\/div>\n\t\t\t\t<\/div>\n\t\t\t\t<\/div>\n\t\t<div class=\"elementor-element elementor-element-21ef8ce e-flex e-con-boxed e-con e-parent\" data-id=\"21ef8ce\" data-element_type=\"container\" data-e-type=\"container\">\n\t\t\t\t\t<div class=\"e-con-inner\">\n\t\t\t\t<div class=\"elementor-element elementor-element-77b008e elementor-widget elementor-widget-spacer\" data-id=\"77b008e\" data-element_type=\"widget\" data-e-type=\"widget\" data-widget_type=\"spacer.default\">\n\t\t\t\t<div class=\"elementor-widget-container\">\n\t\t\t\t\t\t\t<div class=\"elementor-spacer\">\n\t\t\t<div class=\"elementor-spacer-inner\"><\/div>\n\t\t<\/div>\n\t\t\t\t\t\t<\/div>\n\t\t\t\t<\/div>\n\t\t\t\t\t<\/div>\n\t\t\t\t<\/div>\n\t\t<div class=\"elementor-element elementor-element-f9c5fe7 e-flex e-con-boxed e-con e-parent\" data-id=\"f9c5fe7\" data-element_type=\"container\" data-e-type=\"container\">\n\t\t\t\t\t<div class=\"e-con-inner\">\n\t\t\t\t<div class=\"elementor-element elementor-element-021ae3b elementor-widget elementor-widget-heading\" data-id=\"021ae3b\" data-element_type=\"widget\" data-e-type=\"widget\" data-widget_type=\"heading.default\">\n\t\t\t\t<div class=\"elementor-widget-container\">\n\t\t\t\t\t<h1 class=\"elementor-heading-title elementor-size-default\"><span style=\"font-weight: 700\"><font color=\"#054076\"><span style=\"font-size: 28px\">\u00dcBER UNS<\/span><\/font><span style=\"color:#FF0000;font-size: 60px;line-height:5px\">.<\/span><\/h1>\t\t\t\t<\/div>\n\t\t\t\t<\/div>\n\t\t\t\t\t<\/div>\n\t\t\t\t<\/div>\n\t\t<div class=\"elementor-element elementor-element-3755814 e-flex e-con-boxed e-con e-parent\" data-id=\"3755814\" data-element_type=\"container\" data-e-type=\"container\">\n\t\t\t\t\t<div class=\"e-con-inner\">\n\t\t\t\t<div class=\"elementor-element elementor-element-7e2d538 elementor-widget elementor-widget-spacer\" data-id=\"7e2d538\" data-element_type=\"widget\" data-e-type=\"widget\" data-widget_type=\"spacer.default\">\n\t\t\t\t<div class=\"elementor-widget-container\">\n\t\t\t\t\t\t\t<div class=\"elementor-spacer\">\n\t\t\t<div class=\"elementor-spacer-inner\"><\/div>\n\t\t<\/div>\n\t\t\t\t\t\t<\/div>\n\t\t\t\t<\/div>\n\t\t\t\t\t<\/div>\n\t\t\t\t<\/div>\n\t\t<div class=\"elementor-element elementor-element-0b69c4b e-flex e-con-boxed e-con e-parent\" data-id=\"0b69c4b\" data-element_type=\"container\" data-e-type=\"container\">\n\t\t\t\t\t<div class=\"e-con-inner\">\n\t\t\t\t<div class=\"elementor-element elementor-element-7d5b72f elementor-widget elementor-widget-text-editor\" data-id=\"7d5b72f\" data-element_type=\"widget\" data-e-type=\"widget\" data-widget_type=\"text-editor.default\">\n\t\t\t\t<div class=\"elementor-widget-container\">\n\t\t\t\t\t\t\t\t\t<p>Wir sind eine <strong>weltweit agierende Schweizer Unternehmensberatung<\/strong>,\u00a0spezialisiert auf Leadership-Themen.<\/p><p><strong>Unser Auftrag<\/strong> ist es, den Erfolg von F\u00fchrungskr\u00e4ften zu sichern und die Lebensf\u00e4higkeit von Organisationen in einer unsicheren und komplexen Welt weiterzuentwickeln.<\/p><p><strong>Unser Ansatz<\/strong> ist eine Weiterentwicklung der St. Galler Management-Lehre f\u00fcr die heutigen F\u00fchrungsherausforderungen.\u00a0<\/p><p><strong>Unser Team<\/strong> verf\u00fcgt \u00fcber denselben systemischen und methodischen Hintergrund und jahrzehntelange Erfahrung in der Beratung und Begleitung von Organisationen und F\u00fchrungskr\u00e4ften.<\/p><p><strong>Unser Angebot<\/strong> umfasst Beratung und Training zu Strategie, Struktur, Kultur und F\u00fchrung, sowie partizipative Methoden zu Gestaltung von Transformation \u2013 remote oder in Pr\u00e4senz.\u00a0<\/p><p><strong>Unser Netzwerk<\/strong> umfasst ausgew\u00e4hlte Experten und Partner in Europa, den USA und Asien.\u00a0<\/p>\t\t\t\t\t\t\t\t<\/div>\n\t\t\t\t<\/div>\n\t\t\t\t\t<\/div>\n\t\t\t\t<\/div>\n\t\t<div class=\"elementor-element elementor-element-4a1ca1d e-flex e-con-boxed e-con e-parent\" data-id=\"4a1ca1d\" data-element_type=\"container\" data-e-type=\"container\">\n\t\t\t\t\t<div class=\"e-con-inner\">\n\t\t\t\t<div class=\"elementor-element elementor-element-a515b80 elementor-widget elementor-widget-spacer\" data-id=\"a515b80\" data-element_type=\"widget\" data-e-type=\"widget\" data-widget_type=\"spacer.default\">\n\t\t\t\t<div class=\"elementor-widget-container\">\n\t\t\t\t\t\t\t<div class=\"elementor-spacer\">\n\t\t\t<div class=\"elementor-spacer-inner\"><\/div>\n\t\t<\/div>\n\t\t\t\t\t\t<\/div>\n\t\t\t\t<\/div>\n\t\t\t\t\t<\/div>\n\t\t\t\t<\/div>\n\t\t\t\t<\/div>\n\t\t","protected":false},"excerpt":{"rendered":"<p>\u00dcber uns: Wir sind eine weltweit agierende Schweizer Unternehmensberatung, spezialisiert auf Leadership-Themen.<\/p>\n","protected":false},"author":1,"featured_media":0,"parent":0,"menu_order":0,"comment_status":"closed","ping_status":"closed","template":"","meta":{"footnotes":""},"class_list":["post-40","page","type-page","status-publish","hentry"],"yoast_head":"<!-- This site is optimized with the Yoast SEO plugin v27.6 - https:\/\/yoast.com\/product\/yoast-seo-wordpress\/ -->\n<title>\u00dcber uns - Leadership Consulting Group<\/title>\n<meta name=\"description\" content=\"Wir sind eine weltweit agierende Schweizer Unternehmensberatung, spezialisiert auf Leadership-Themen. Hier m\u00f6chten wir uns Ihnen vorstellen.\" \/>\n<meta name=\"robots\" content=\"index, follow, max-snippet:-1, max-image-preview:large, max-video-preview:-1\" \/>\n<link rel=\"canonical\" href=\"https:\/\/www.leadership-consulting-group.com\/cms\/ueber-uns\/\" \/>\n<meta property=\"og:locale\" content=\"de_DE\" \/>\n<meta property=\"og:type\" content=\"article\" \/>\n<meta property=\"og:title\" content=\"\u00dcber uns - Leadership Consulting Group\" \/>\n<meta property=\"og:description\" content=\"Wir sind eine weltweit agierende Schweizer Unternehmensberatung, spezialisiert auf Leadership-Themen. Hier m\u00f6chten wir uns Ihnen vorstellen.\" \/>\n<meta property=\"og:url\" content=\"https:\/\/www.leadership-consulting-group.com\/cms\/ueber-uns\/\" \/>\n<meta property=\"og:site_name\" content=\"Leadership Consulting Group\" \/>\n<meta property=\"article:modified_time\" content=\"2025-03-03T08:54:48+00:00\" \/>\n<meta property=\"og:image\" content=\"https:\/\/www.leadership-consulting-group.com\/cms\/wp-content\/uploads\/2024\/01\/LCG-Team-3.jpg\" \/>\n\t<meta property=\"og:image:width\" content=\"1600\" \/>\n\t<meta property=\"og:image:height\" content=\"600\" \/>\n\t<meta property=\"og:image:type\" content=\"image\/jpeg\" \/>\n<meta name=\"twitter:card\" content=\"summary_large_image\" \/>\n<meta name=\"twitter:label1\" content=\"Gesch\u00e4tzte Lesezeit\" \/>\n\t<meta name=\"twitter:data1\" content=\"1\u00a0Minute\" \/>\n<script type=\"application\/ld+json\" class=\"yoast-schema-graph\">{\"@context\":\"https:\\\/\\\/schema.org\",\"@graph\":[{\"@type\":[\"WebPage\",\"AboutPage\"],\"@id\":\"https:\\\/\\\/www.leadership-consulting-group.com\\\/cms\\\/ueber-uns\\\/\",\"url\":\"https:\\\/\\\/www.leadership-consulting-group.com\\\/cms\\\/ueber-uns\\\/\",\"name\":\"\u00dcber uns - Leadership Consulting Group\",\"isPartOf\":{\"@id\":\"https:\\\/\\\/www.leadership-consulting-group.com\\\/cms\\\/#website\"},\"primaryImageOfPage\":{\"@id\":\"https:\\\/\\\/www.leadership-consulting-group.com\\\/cms\\\/ueber-uns\\\/#primaryimage\"},\"image\":{\"@id\":\"https:\\\/\\\/www.leadership-consulting-group.com\\\/cms\\\/ueber-uns\\\/#primaryimage\"},\"thumbnailUrl\":\"https:\\\/\\\/www.leadership-consulting-group.com\\\/cms\\\/wp-content\\\/uploads\\\/2024\\\/01\\\/LCG-Team-3-1024x384.jpg\",\"datePublished\":\"2023-11-26T07:31:23+00:00\",\"dateModified\":\"2025-03-03T08:54:48+00:00\",\"description\":\"Wir sind eine weltweit agierende Schweizer Unternehmensberatung, spezialisiert auf Leadership-Themen. Hier m\u00f6chten wir uns Ihnen vorstellen.\",\"breadcrumb\":{\"@id\":\"https:\\\/\\\/www.leadership-consulting-group.com\\\/cms\\\/ueber-uns\\\/#breadcrumb\"},\"inLanguage\":\"de\",\"potentialAction\":[{\"@type\":\"ReadAction\",\"target\":[\"https:\\\/\\\/www.leadership-consulting-group.com\\\/cms\\\/ueber-uns\\\/\"]}]},{\"@type\":\"ImageObject\",\"inLanguage\":\"de\",\"@id\":\"https:\\\/\\\/www.leadership-consulting-group.com\\\/cms\\\/ueber-uns\\\/#primaryimage\",\"url\":\"https:\\\/\\\/www.leadership-consulting-group.com\\\/cms\\\/wp-content\\\/uploads\\\/2024\\\/01\\\/LCG-Team-3.jpg\",\"contentUrl\":\"https:\\\/\\\/www.leadership-consulting-group.com\\\/cms\\\/wp-content\\\/uploads\\\/2024\\\/01\\\/LCG-Team-3.jpg\",\"width\":1600,\"height\":600,\"caption\":\"LCG-Unser Team\"},{\"@type\":\"BreadcrumbList\",\"@id\":\"https:\\\/\\\/www.leadership-consulting-group.com\\\/cms\\\/ueber-uns\\\/#breadcrumb\",\"itemListElement\":[{\"@type\":\"ListItem\",\"position\":1,\"name\":\"Startseite\",\"item\":\"https:\\\/\\\/www.leadership-consulting-group.com\\\/cms\\\/\"},{\"@type\":\"ListItem\",\"position\":2,\"name\":\"\u00dcber uns\"}]},{\"@type\":\"WebSite\",\"@id\":\"https:\\\/\\\/www.leadership-consulting-group.com\\\/cms\\\/#website\",\"url\":\"https:\\\/\\\/www.leadership-consulting-group.com\\\/cms\\\/\",\"name\":\"Leadership Consulting Group\",\"description\":\"Eine neue Zeit braucht neue L\u00f6sungen\",\"publisher\":{\"@id\":\"https:\\\/\\\/www.leadership-consulting-group.com\\\/cms\\\/#organization\"},\"potentialAction\":[{\"@type\":\"SearchAction\",\"target\":{\"@type\":\"EntryPoint\",\"urlTemplate\":\"https:\\\/\\\/www.leadership-consulting-group.com\\\/cms\\\/?s={search_term_string}\"},\"query-input\":{\"@type\":\"PropertyValueSpecification\",\"valueRequired\":true,\"valueName\":\"search_term_string\"}}],\"inLanguage\":\"de\"},{\"@type\":\"Organization\",\"@id\":\"https:\\\/\\\/www.leadership-consulting-group.com\\\/cms\\\/#organization\",\"name\":\"Leadership Consulting Group\",\"url\":\"https:\\\/\\\/www.leadership-consulting-group.com\\\/cms\\\/\",\"logo\":{\"@type\":\"ImageObject\",\"inLanguage\":\"de\",\"@id\":\"https:\\\/\\\/www.leadership-consulting-group.com\\\/cms\\\/#\\\/schema\\\/logo\\\/image\\\/\",\"url\":\"https:\\\/\\\/www.leadership-consulting-group.com\\\/cms\\\/wp-content\\\/uploads\\\/2023\\\/11\\\/LCG-Logo-low-res.png\",\"contentUrl\":\"https:\\\/\\\/www.leadership-consulting-group.com\\\/cms\\\/wp-content\\\/uploads\\\/2023\\\/11\\\/LCG-Logo-low-res.png\",\"width\":112,\"height\":40,\"caption\":\"Leadership Consulting Group\"},\"image\":{\"@id\":\"https:\\\/\\\/www.leadership-consulting-group.com\\\/cms\\\/#\\\/schema\\\/logo\\\/image\\\/\"}}]}<\/script>\n<!-- \/ Yoast SEO plugin. -->","yoast_head_json":{"title":"\u00dcber uns - Leadership Consulting Group","description":"Wir sind eine weltweit agierende Schweizer Unternehmensberatung, spezialisiert auf Leadership-Themen. Hier m\u00f6chten wir uns Ihnen vorstellen.","robots":{"index":"index","follow":"follow","max-snippet":"max-snippet:-1","max-image-preview":"max-image-preview:large","max-video-preview":"max-video-preview:-1"},"canonical":"https:\/\/www.leadership-consulting-group.com\/cms\/ueber-uns\/","og_locale":"de_DE","og_type":"article","og_title":"\u00dcber uns - Leadership Consulting Group","og_description":"Wir sind eine weltweit agierende Schweizer Unternehmensberatung, spezialisiert auf Leadership-Themen. Hier m\u00f6chten wir uns Ihnen vorstellen.","og_url":"https:\/\/www.leadership-consulting-group.com\/cms\/ueber-uns\/","og_site_name":"Leadership Consulting Group","article_modified_time":"2025-03-03T08:54:48+00:00","og_image":[{"width":1600,"height":600,"url":"https:\/\/www.leadership-consulting-group.com\/cms\/wp-content\/uploads\/2024\/01\/LCG-Team-3.jpg","type":"image\/jpeg"}],"twitter_card":"summary_large_image","twitter_misc":{"Gesch\u00e4tzte Lesezeit":"1\u00a0Minute"},"schema":{"@context":"https:\/\/schema.org","@graph":[{"@type":["WebPage","AboutPage"],"@id":"https:\/\/www.leadership-consulting-group.com\/cms\/ueber-uns\/","url":"https:\/\/www.leadership-consulting-group.com\/cms\/ueber-uns\/","name":"\u00dcber uns - Leadership Consulting Group","isPartOf":{"@id":"https:\/\/www.leadership-consulting-group.com\/cms\/#website"},"primaryImageOfPage":{"@id":"https:\/\/www.leadership-consulting-group.com\/cms\/ueber-uns\/#primaryimage"},"image":{"@id":"https:\/\/www.leadership-consulting-group.com\/cms\/ueber-uns\/#primaryimage"},"thumbnailUrl":"https:\/\/www.leadership-consulting-group.com\/cms\/wp-content\/uploads\/2024\/01\/LCG-Team-3-1024x384.jpg","datePublished":"2023-11-26T07:31:23+00:00","dateModified":"2025-03-03T08:54:48+00:00","description":"Wir sind eine weltweit agierende Schweizer Unternehmensberatung, spezialisiert auf Leadership-Themen. Hier m\u00f6chten wir uns Ihnen vorstellen.","breadcrumb":{"@id":"https:\/\/www.leadership-consulting-group.com\/cms\/ueber-uns\/#breadcrumb"},"inLanguage":"de","potentialAction":[{"@type":"ReadAction","target":["https:\/\/www.leadership-consulting-group.com\/cms\/ueber-uns\/"]}]},{"@type":"ImageObject","inLanguage":"de","@id":"https:\/\/www.leadership-consulting-group.com\/cms\/ueber-uns\/#primaryimage","url":"https:\/\/www.leadership-consulting-group.com\/cms\/wp-content\/uploads\/2024\/01\/LCG-Team-3.jpg","contentUrl":"https:\/\/www.leadership-consulting-group.com\/cms\/wp-content\/uploads\/2024\/01\/LCG-Team-3.jpg","width":1600,"height":600,"caption":"LCG-Unser Team"},{"@type":"BreadcrumbList","@id":"https:\/\/www.leadership-consulting-group.com\/cms\/ueber-uns\/#breadcrumb","itemListElement":[{"@type":"ListItem","position":1,"name":"Startseite","item":"https:\/\/www.leadership-consulting-group.com\/cms\/"},{"@type":"ListItem","position":2,"name":"\u00dcber uns"}]},{"@type":"WebSite","@id":"https:\/\/www.leadership-consulting-group.com\/cms\/#website","url":"https:\/\/www.leadership-consulting-group.com\/cms\/","name":"Leadership Consulting Group","description":"Eine neue Zeit braucht neue L\u00f6sungen","publisher":{"@id":"https:\/\/www.leadership-consulting-group.com\/cms\/#organization"},"potentialAction":[{"@type":"SearchAction","target":{"@type":"EntryPoint","urlTemplate":"https:\/\/www.leadership-consulting-group.com\/cms\/?s={search_term_string}"},"query-input":{"@type":"PropertyValueSpecification","valueRequired":true,"valueName":"search_term_string"}}],"inLanguage":"de"},{"@type":"Organization","@id":"https:\/\/www.leadership-consulting-group.com\/cms\/#organization","name":"Leadership Consulting Group","url":"https:\/\/www.leadership-consulting-group.com\/cms\/","logo":{"@type":"ImageObject","inLanguage":"de","@id":"https:\/\/www.leadership-consulting-group.com\/cms\/#\/schema\/logo\/image\/","url":"https:\/\/www.leadership-consulting-group.com\/cms\/wp-content\/uploads\/2023\/11\/LCG-Logo-low-res.png","contentUrl":"https:\/\/www.leadership-consulting-group.com\/cms\/wp-content\/uploads\/2023\/11\/LCG-Logo-low-res.png","width":112,"height":40,"caption":"Leadership Consulting Group"},"image":{"@id":"https:\/\/www.leadership-consulting-group.com\/cms\/#\/schema\/logo\/image\/"}}]}},"_links":{"self":[{"href":"https:\/\/www.leadership-consulting-group.com\/cms\/wp-json\/wp\/v2\/pages\/40","targetHints":{"allow":["GET"]}}],"collection":[{"href":"https:\/\/www.leadership-consulting-group.com\/cms\/wp-json\/wp\/v2\/pages"}],"about":[{"href":"https:\/\/www.leadership-consulting-group.com\/cms\/wp-json\/wp\/v2\/types\/page"}],"author":[{"embeddable":true,"href":"https:\/\/www.leadership-consulting-group.com\/cms\/wp-json\/wp\/v2\/users\/1"}],"replies":[{"embeddable":true,"href":"https:\/\/www.leadership-consulting-group.com\/cms\/wp-json\/wp\/v2\/comments?post=40"}],"version-history":[{"count":97,"href":"https:\/\/www.leadership-consulting-group.com\/cms\/wp-json\/wp\/v2\/pages\/40\/revisions"}],"predecessor-version":[{"id":2689,"href":"https:\/\/www.leadership-consulting-group.com\/cms\/wp-json\/wp\/v2\/pages\/40\/revisions\/2689"}],"wp:attachment":[{"href":"https:\/\/www.leadership-consulting-group.com\/cms\/wp-json\/wp\/v2\/media?parent=40"}],"curies":[{"name":"wp","href":"https:\/\/api.w.org\/{rel}","templated":true}]}}