{"id":42,"date":"2023-11-26T08:32:01","date_gmt":"2023-11-26T07:32:01","guid":{"rendered":"https:\/\/www.leadership-consulting-group.com\/cms\/?page_id=42"},"modified":"2025-03-03T09:57:33","modified_gmt":"2025-03-03T08:57:33","slug":"unsere-leistungen","status":"publish","type":"page","link":"https:\/\/www.leadership-consulting-group.com\/cms\/unsere-leistungen\/","title":{"rendered":"Unsere Leistungen"},"content":{"rendered":"\t\t<div data-elementor-type=\"wp-page\" data-elementor-id=\"42\" class=\"elementor elementor-42\" data-elementor-post-type=\"page\">\n\t\t\t\t<div class=\"elementor-element elementor-element-5142914 e-con-full e-flex e-con e-parent\" data-id=\"5142914\" data-element_type=\"container\" data-e-type=\"container\">\n\t\t\t\t<div class=\"elementor-element elementor-element-9800601 elementor--h-position-center elementor--v-position-middle elementor-arrows-position-inside elementor-pagination-position-inside elementor-widget elementor-widget-slides\" data-id=\"9800601\" data-element_type=\"widget\" data-e-type=\"widget\" data-settings=\"{&quot;navigation&quot;:&quot;both&quot;,&quot;autoplay&quot;:&quot;yes&quot;,&quot;pause_on_hover&quot;:&quot;yes&quot;,&quot;pause_on_interaction&quot;:&quot;yes&quot;,&quot;autoplay_speed&quot;:5000,&quot;infinite&quot;:&quot;yes&quot;,&quot;transition&quot;:&quot;slide&quot;,&quot;transition_speed&quot;:500}\" data-widget_type=\"slides.default\">\n\t\t\t\t<div class=\"elementor-widget-container\">\n\t\t\t\t\t\t\t\t\t<div class=\"elementor-swiper\">\n\t\t\t\t\t<div class=\"elementor-slides-wrapper elementor-main-swiper swiper\" role=\"region\" aria-roledescription=\"carousel\" aria-label=\"Slider\" dir=\"ltr\" data-animation=\"zoomIn\">\n\t\t\t\t<div class=\"swiper-wrapper elementor-slides\">\n\t\t\t\t\t\t\t\t\t\t<div class=\"elementor-repeater-item-f1c8b07 swiper-slide\" role=\"group\" aria-roledescription=\"slide\"><div class=\"swiper-slide-bg\" role=\"img\" aria-label=\"Leadership Consulting\"><\/div><div class=\"swiper-slide-inner\" ><div class=\"swiper-slide-contents\"><div class=\"elementor-slide-heading\">LEADERSHIP CONSULTING<\/div><\/div><\/div><\/div><div class=\"elementor-repeater-item-4b949c4 swiper-slide\" role=\"group\" aria-roledescription=\"slide\"><div class=\"swiper-slide-bg\" role=\"img\" aria-label=\"Leadership Training\"><\/div><div class=\"swiper-slide-inner\" ><div class=\"swiper-slide-contents\"><div class=\"elementor-slide-heading\">LEADERSHIP TRAINING<\/div><\/div><\/div><\/div><div class=\"elementor-repeater-item-78323d8 swiper-slide\" role=\"group\" aria-roledescription=\"slide\"><div class=\"swiper-slide-bg\" role=\"img\" aria-label=\"Leadership-Transformation\"><\/div><div class=\"swiper-slide-inner\" ><div class=\"swiper-slide-contents\"><div class=\"elementor-slide-heading\">LEADERSHIP TRANSFORMATION<\/div><\/div><\/div><\/div>\t\t\t\t<\/div>\n\t\t\t\t\t\t\t\t\t\t\t\t\t\t\t<div class=\"elementor-swiper-button elementor-swiper-button-prev\" role=\"button\" tabindex=\"0\" aria-label=\"Previous slide\">\n\t\t\t\t\t\t\t<svg aria-hidden=\"true\" class=\"e-font-icon-svg e-eicon-chevron-left\" viewBox=\"0 0 1000 1000\" xmlns=\"http:\/\/www.w3.org\/2000\/svg\"><path d=\"M646 125C629 125 613 133 604 142L308 442C296 454 292 471 292 487 292 504 296 521 308 533L604 854C617 867 629 875 646 875 663 875 679 871 692 858 704 846 713 829 713 812 713 796 708 779 692 767L438 487 692 225C700 217 708 204 708 187 708 171 704 154 692 142 675 129 663 125 646 125Z\"><\/path><\/svg>\t\t\t\t\t\t<\/div>\n\t\t\t\t\t\t<div class=\"elementor-swiper-button elementor-swiper-button-next\" role=\"button\" tabindex=\"0\" aria-label=\"Next slide\">\n\t\t\t\t\t\t\t<svg aria-hidden=\"true\" class=\"e-font-icon-svg e-eicon-chevron-right\" viewBox=\"0 0 1000 1000\" xmlns=\"http:\/\/www.w3.org\/2000\/svg\"><path d=\"M696 533C708 521 713 504 713 487 713 471 708 454 696 446L400 146C388 133 375 125 354 125 338 125 325 129 313 142 300 154 292 171 292 187 292 204 296 221 308 233L563 492 304 771C292 783 288 800 288 817 288 833 296 850 308 863 321 871 338 875 354 875 371 875 388 867 400 854L696 533Z\"><\/path><\/svg>\t\t\t\t\t\t<\/div>\n\t\t\t\t\t\t\t\t\t\t\t\t\t\t\t\t<div class=\"swiper-pagination\"><\/div>\n\t\t\t\t\t\t\t\t\t\t\t\t<\/div>\n\t\t\t\t<\/div>\n\t\t\t\t\t\t\t\t<\/div>\n\t\t\t\t<\/div>\n\t\t\t\t<\/div>\n\t\t<div class=\"elementor-element elementor-element-76cde4e e-flex e-con-boxed e-con e-parent\" data-id=\"76cde4e\" data-element_type=\"container\" data-e-type=\"container\">\n\t\t\t\t\t<div class=\"e-con-inner\">\n\t\t\t\t<div class=\"elementor-element elementor-element-9de017a elementor-widget elementor-widget-spacer\" data-id=\"9de017a\" data-element_type=\"widget\" data-e-type=\"widget\" data-widget_type=\"spacer.default\">\n\t\t\t\t<div class=\"elementor-widget-container\">\n\t\t\t\t\t\t\t<div class=\"elementor-spacer\">\n\t\t\t<div class=\"elementor-spacer-inner\"><\/div>\n\t\t<\/div>\n\t\t\t\t\t\t<\/div>\n\t\t\t\t<\/div>\n\t\t\t\t\t<\/div>\n\t\t\t\t<\/div>\n\t\t<div class=\"elementor-element elementor-element-6283625 e-flex e-con-boxed e-con e-parent\" data-id=\"6283625\" data-element_type=\"container\" data-e-type=\"container\">\n\t\t\t\t\t<div class=\"e-con-inner\">\n\t\t\t\t<div class=\"elementor-element elementor-element-35be130 elementor-widget elementor-widget-heading\" data-id=\"35be130\" data-element_type=\"widget\" data-e-type=\"widget\" data-widget_type=\"heading.default\">\n\t\t\t\t<div class=\"elementor-widget-container\">\n\t\t\t\t\t<h1 class=\"elementor-heading-title elementor-size-default\"><span style=\"font-weight: 700;font-size: 28px;line-height:12px\">WAS SIE VON UNS ERWARTEN K\u00d6NNEN<span style=\"color:#FF0000;font-size: 60px;line-height:5px\">.<\/span><\/h1>\t\t\t\t<\/div>\n\t\t\t\t<\/div>\n\t\t\t\t\t<\/div>\n\t\t\t\t<\/div>\n\t\t<div class=\"elementor-element elementor-element-2ea0e5e e-flex e-con-boxed e-con e-parent\" data-id=\"2ea0e5e\" data-element_type=\"container\" data-e-type=\"container\">\n\t\t\t\t\t<div class=\"e-con-inner\">\n\t\t\t\t<div class=\"elementor-element elementor-element-57a4226 elementor-widget elementor-widget-spacer\" data-id=\"57a4226\" data-element_type=\"widget\" data-e-type=\"widget\" data-widget_type=\"spacer.default\">\n\t\t\t\t<div class=\"elementor-widget-container\">\n\t\t\t\t\t\t\t<div class=\"elementor-spacer\">\n\t\t\t<div class=\"elementor-spacer-inner\"><\/div>\n\t\t<\/div>\n\t\t\t\t\t\t<\/div>\n\t\t\t\t<\/div>\n\t\t\t\t\t<\/div>\n\t\t\t\t<\/div>\n\t\t<div class=\"elementor-element elementor-element-79deb16 e-flex e-con-boxed e-con e-parent\" data-id=\"79deb16\" data-element_type=\"container\" data-e-type=\"container\">\n\t\t\t\t\t<div class=\"e-con-inner\">\n\t\t\t\t<div class=\"elementor-element elementor-element-93e1c01 elementor-widget elementor-widget-text-editor\" data-id=\"93e1c01\" data-element_type=\"widget\" data-e-type=\"widget\" data-widget_type=\"text-editor.default\">\n\t\t\t\t<div class=\"elementor-widget-container\">\n\t\t\t\t\t\t\t\t\t<p><strong>Wir wollen nicht alle Ihre Probleme l\u00f6sen, sondern Sie bef\u00e4higen und dabei unterst\u00fctzen, die Probleme selbst zu l\u00f6sen! <\/strong>Unser Ziel ist es ein partnerschaftliches, konstruktives Miteinander, ausgerichtet auf die nachhaltige Lebensf\u00e4higkeit Ihrer Organisation zu schaffen.<strong style=\"text-align: var(--text-align); font-size: 1rem;\">\u00a0<\/strong><\/p><p><strong>Wir betrachten das Ganze und fokussieren uns auf das Wesentliche. <\/strong>Fragen der Strategie, der Struktur, der Unternehmenskultur und der F\u00fchrung lassen sich nicht trennen. Unsere ganzheitliche Sichtweise ber\u00fccksichtigt alle Dimensionen.\u00a0Dabei\u00a0arbeiten wir immer den Kern der Problemstellung heraus und fokussieren uns auf die Themen mit der gr\u00f6ssten Wirkung.<\/p><p><strong>Wir\u00a0<\/strong><strong>verstehen Leadership als das Schaffen von Nutzen f\u00fcr Kunden, Mitarbeiter, Unternehmen und Gesellschaft.<\/strong> Weitblick und auf langfristigen Erfolg ausgerichtetes Handeln bilden f\u00fcr uns den Kern von Leadership.<\/p><p><strong>Wir denken systemisch und handeln pragmatisch.<\/strong> Wir erkennen und nutzen Komplexit\u00e4t und streben nach Einfachheit.<\/p><p><strong>Wir leben, was wir unseren Kunden empfehlen: <\/strong>Nutzen, Ethik, Wirksamkeit und unternehmerisches Denken.<\/p>\t\t\t\t\t\t\t\t<\/div>\n\t\t\t\t<\/div>\n\t\t\t\t\t<\/div>\n\t\t\t\t<\/div>\n\t\t<div class=\"elementor-element elementor-element-c8c0e66 e-flex e-con-boxed e-con e-parent\" data-id=\"c8c0e66\" data-element_type=\"container\" data-e-type=\"container\">\n\t\t\t\t\t<div class=\"e-con-inner\">\n\t\t\t\t<div class=\"elementor-element elementor-element-a4723ec elementor-widget elementor-widget-spacer\" data-id=\"a4723ec\" data-element_type=\"widget\" data-e-type=\"widget\" data-widget_type=\"spacer.default\">\n\t\t\t\t<div class=\"elementor-widget-container\">\n\t\t\t\t\t\t\t<div class=\"elementor-spacer\">\n\t\t\t<div class=\"elementor-spacer-inner\"><\/div>\n\t\t<\/div>\n\t\t\t\t\t\t<\/div>\n\t\t\t\t<\/div>\n\t\t\t\t\t<\/div>\n\t\t\t\t<\/div>\n\t\t<div class=\"elementor-element elementor-element-fdc7a97 e-flex e-con-boxed e-con e-parent\" data-id=\"fdc7a97\" data-element_type=\"container\" data-e-type=\"container\">\n\t\t\t\t\t<div class=\"e-con-inner\">\n\t\t\t\t<div class=\"elementor-element elementor-element-f27e29e elementor-widget elementor-widget-text-editor\" data-id=\"f27e29e\" data-element_type=\"widget\" data-e-type=\"widget\" data-widget_type=\"text-editor.default\">\n\t\t\t\t<div class=\"elementor-widget-container\">\n\t\t\t\t\t\t\t\t\t<p>Unser Leistungs-Portfolio, aus dem heraus wir gemeinsam mit Ihnen eine wirksame Strategie entwickeln, um die sich Ihnen stellenden Herausforderungen zu meistern, besteht dabei aus den Bereichen&nbsp;<a href=\"https:\/\/www.leadership-consulting-group.com\/cms\/index.php\/leadership-consulting\/\"><strong>Leadership Consulting<\/strong><\/a>,&nbsp;<a href=\"https:\/\/www.leadership-consulting-group.com\/cms\/index.php\/leadership-training\/\"><strong>Leadership Training<\/strong><\/a>&nbsp;und&nbsp;<a href=\"https:\/\/www.leadership-consulting-group.com\/cms\/index.php\/leadership-consulting\/\"><strong>Leadership Transformation<\/strong><\/a>.<\/p>\t\t\t\t\t\t\t\t<\/div>\n\t\t\t\t<\/div>\n\t\t\t\t\t<\/div>\n\t\t\t\t<\/div>\n\t\t<div class=\"elementor-element elementor-element-cd7c156 e-flex e-con-boxed e-con e-parent\" data-id=\"cd7c156\" data-element_type=\"container\" data-e-type=\"container\">\n\t\t\t\t\t<div class=\"e-con-inner\">\n\t\t\t\t<div class=\"elementor-element elementor-element-39fb5f6 elementor-widget elementor-widget-spacer\" data-id=\"39fb5f6\" data-element_type=\"widget\" data-e-type=\"widget\" data-widget_type=\"spacer.default\">\n\t\t\t\t<div class=\"elementor-widget-container\">\n\t\t\t\t\t\t\t<div class=\"elementor-spacer\">\n\t\t\t<div class=\"elementor-spacer-inner\"><\/div>\n\t\t<\/div>\n\t\t\t\t\t\t<\/div>\n\t\t\t\t<\/div>\n\t\t\t\t\t<\/div>\n\t\t\t\t<\/div>\n\t\t\t\t<\/div>\n\t\t","protected":false},"excerpt":{"rendered":"<p>LEADERSHIP CONSULTINGLEADERSHIP TRAININGLEADERSHIP TRANSFORMATION WAS SIE VON UNS ERWARTEN K\u00d6NNEN. Wir wollen nicht alle Ihre Probleme l\u00f6sen, sondern Sie bef\u00e4higen und dabei unterst\u00fctzen, die Probleme selbst zu l\u00f6sen! Unser Ziel ist es ein partnerschaftliches, konstruktives Miteinander, ausgerichtet auf die nachhaltige Lebensf\u00e4higkeit Ihrer Organisation zu schaffen.\u00a0 Wir betrachten das Ganze und fokussieren uns auf das Wesentliche. [&hellip;]<\/p>\n","protected":false},"author":1,"featured_media":0,"parent":0,"menu_order":0,"comment_status":"closed","ping_status":"closed","template":"","meta":{"footnotes":""},"class_list":["post-42","page","type-page","status-publish","hentry"],"yoast_head":"<!-- This site is optimized with the Yoast SEO plugin v27.4 - https:\/\/yoast.com\/product\/yoast-seo-wordpress\/ -->\n<title>Unsere Leistungen - Leadership Consulting Group<\/title>\n<meta name=\"description\" content=\"Unsere Leistungen: Was Sie von uns erwarten k\u00f6nnen und unser Leistungs-Portfolio zum Meistern der sich Ihnen stellenden Herausforderungen.\" \/>\n<meta name=\"robots\" content=\"index, follow, max-snippet:-1, max-image-preview:large, max-video-preview:-1\" \/>\n<link rel=\"canonical\" href=\"https:\/\/www.leadership-consulting-group.com\/cms\/unsere-leistungen\/\" \/>\n<meta property=\"og:locale\" content=\"de_DE\" \/>\n<meta property=\"og:type\" content=\"article\" \/>\n<meta property=\"og:title\" content=\"Unsere Leistungen - Leadership Consulting Group\" \/>\n<meta property=\"og:description\" content=\"Unsere Leistungen: Was Sie von uns erwarten k\u00f6nnen und unser Leistungs-Portfolio zum Meistern der sich Ihnen stellenden Herausforderungen.\" \/>\n<meta property=\"og:url\" content=\"https:\/\/www.leadership-consulting-group.com\/cms\/unsere-leistungen\/\" \/>\n<meta property=\"og:site_name\" content=\"Leadership Consulting Group\" \/>\n<meta property=\"article:modified_time\" content=\"2025-03-03T08:57:33+00:00\" \/>\n<meta name=\"twitter:card\" content=\"summary_large_image\" \/>\n<meta name=\"twitter:label1\" content=\"Gesch\u00e4tzte Lesezeit\" \/>\n\t<meta name=\"twitter:data1\" content=\"2\u00a0Minuten\" \/>\n<script type=\"application\/ld+json\" class=\"yoast-schema-graph\">{\"@context\":\"https:\\\/\\\/schema.org\",\"@graph\":[{\"@type\":\"WebPage\",\"@id\":\"https:\\\/\\\/www.leadership-consulting-group.com\\\/cms\\\/unsere-leistungen\\\/\",\"url\":\"https:\\\/\\\/www.leadership-consulting-group.com\\\/cms\\\/unsere-leistungen\\\/\",\"name\":\"Unsere Leistungen - Leadership Consulting Group\",\"isPartOf\":{\"@id\":\"https:\\\/\\\/www.leadership-consulting-group.com\\\/cms\\\/#website\"},\"datePublished\":\"2023-11-26T07:32:01+00:00\",\"dateModified\":\"2025-03-03T08:57:33+00:00\",\"description\":\"Unsere Leistungen: Was Sie von uns erwarten k\u00f6nnen und unser Leistungs-Portfolio zum Meistern der sich Ihnen stellenden Herausforderungen.\",\"breadcrumb\":{\"@id\":\"https:\\\/\\\/www.leadership-consulting-group.com\\\/cms\\\/unsere-leistungen\\\/#breadcrumb\"},\"inLanguage\":\"de\",\"potentialAction\":[{\"@type\":\"ReadAction\",\"target\":[\"https:\\\/\\\/www.leadership-consulting-group.com\\\/cms\\\/unsere-leistungen\\\/\"]}]},{\"@type\":\"BreadcrumbList\",\"@id\":\"https:\\\/\\\/www.leadership-consulting-group.com\\\/cms\\\/unsere-leistungen\\\/#breadcrumb\",\"itemListElement\":[{\"@type\":\"ListItem\",\"position\":1,\"name\":\"Startseite\",\"item\":\"https:\\\/\\\/www.leadership-consulting-group.com\\\/cms\\\/\"},{\"@type\":\"ListItem\",\"position\":2,\"name\":\"Unsere Leistungen\"}]},{\"@type\":\"WebSite\",\"@id\":\"https:\\\/\\\/www.leadership-consulting-group.com\\\/cms\\\/#website\",\"url\":\"https:\\\/\\\/www.leadership-consulting-group.com\\\/cms\\\/\",\"name\":\"Leadership Consulting Group\",\"description\":\"Eine neue Zeit braucht neue L\u00f6sungen\",\"publisher\":{\"@id\":\"https:\\\/\\\/www.leadership-consulting-group.com\\\/cms\\\/#organization\"},\"potentialAction\":[{\"@type\":\"SearchAction\",\"target\":{\"@type\":\"EntryPoint\",\"urlTemplate\":\"https:\\\/\\\/www.leadership-consulting-group.com\\\/cms\\\/?s={search_term_string}\"},\"query-input\":{\"@type\":\"PropertyValueSpecification\",\"valueRequired\":true,\"valueName\":\"search_term_string\"}}],\"inLanguage\":\"de\"},{\"@type\":\"Organization\",\"@id\":\"https:\\\/\\\/www.leadership-consulting-group.com\\\/cms\\\/#organization\",\"name\":\"Leadership Consulting Group\",\"url\":\"https:\\\/\\\/www.leadership-consulting-group.com\\\/cms\\\/\",\"logo\":{\"@type\":\"ImageObject\",\"inLanguage\":\"de\",\"@id\":\"https:\\\/\\\/www.leadership-consulting-group.com\\\/cms\\\/#\\\/schema\\\/logo\\\/image\\\/\",\"url\":\"https:\\\/\\\/www.leadership-consulting-group.com\\\/cms\\\/wp-content\\\/uploads\\\/2023\\\/11\\\/LCG-Logo-low-res.png\",\"contentUrl\":\"https:\\\/\\\/www.leadership-consulting-group.com\\\/cms\\\/wp-content\\\/uploads\\\/2023\\\/11\\\/LCG-Logo-low-res.png\",\"width\":112,\"height\":40,\"caption\":\"Leadership Consulting Group\"},\"image\":{\"@id\":\"https:\\\/\\\/www.leadership-consulting-group.com\\\/cms\\\/#\\\/schema\\\/logo\\\/image\\\/\"}}]}<\/script>\n<!-- \/ Yoast SEO plugin. -->","yoast_head_json":{"title":"Unsere Leistungen - Leadership Consulting Group","description":"Unsere Leistungen: Was Sie von uns erwarten k\u00f6nnen und unser Leistungs-Portfolio zum Meistern der sich Ihnen stellenden Herausforderungen.","robots":{"index":"index","follow":"follow","max-snippet":"max-snippet:-1","max-image-preview":"max-image-preview:large","max-video-preview":"max-video-preview:-1"},"canonical":"https:\/\/www.leadership-consulting-group.com\/cms\/unsere-leistungen\/","og_locale":"de_DE","og_type":"article","og_title":"Unsere Leistungen - Leadership Consulting Group","og_description":"Unsere Leistungen: Was Sie von uns erwarten k\u00f6nnen und unser Leistungs-Portfolio zum Meistern der sich Ihnen stellenden Herausforderungen.","og_url":"https:\/\/www.leadership-consulting-group.com\/cms\/unsere-leistungen\/","og_site_name":"Leadership Consulting Group","article_modified_time":"2025-03-03T08:57:33+00:00","twitter_card":"summary_large_image","twitter_misc":{"Gesch\u00e4tzte Lesezeit":"2\u00a0Minuten"},"schema":{"@context":"https:\/\/schema.org","@graph":[{"@type":"WebPage","@id":"https:\/\/www.leadership-consulting-group.com\/cms\/unsere-leistungen\/","url":"https:\/\/www.leadership-consulting-group.com\/cms\/unsere-leistungen\/","name":"Unsere Leistungen - Leadership Consulting Group","isPartOf":{"@id":"https:\/\/www.leadership-consulting-group.com\/cms\/#website"},"datePublished":"2023-11-26T07:32:01+00:00","dateModified":"2025-03-03T08:57:33+00:00","description":"Unsere Leistungen: Was Sie von uns erwarten k\u00f6nnen und unser Leistungs-Portfolio zum Meistern der sich Ihnen stellenden Herausforderungen.","breadcrumb":{"@id":"https:\/\/www.leadership-consulting-group.com\/cms\/unsere-leistungen\/#breadcrumb"},"inLanguage":"de","potentialAction":[{"@type":"ReadAction","target":["https:\/\/www.leadership-consulting-group.com\/cms\/unsere-leistungen\/"]}]},{"@type":"BreadcrumbList","@id":"https:\/\/www.leadership-consulting-group.com\/cms\/unsere-leistungen\/#breadcrumb","itemListElement":[{"@type":"ListItem","position":1,"name":"Startseite","item":"https:\/\/www.leadership-consulting-group.com\/cms\/"},{"@type":"ListItem","position":2,"name":"Unsere Leistungen"}]},{"@type":"WebSite","@id":"https:\/\/www.leadership-consulting-group.com\/cms\/#website","url":"https:\/\/www.leadership-consulting-group.com\/cms\/","name":"Leadership Consulting Group","description":"Eine neue Zeit braucht neue L\u00f6sungen","publisher":{"@id":"https:\/\/www.leadership-consulting-group.com\/cms\/#organization"},"potentialAction":[{"@type":"SearchAction","target":{"@type":"EntryPoint","urlTemplate":"https:\/\/www.leadership-consulting-group.com\/cms\/?s={search_term_string}"},"query-input":{"@type":"PropertyValueSpecification","valueRequired":true,"valueName":"search_term_string"}}],"inLanguage":"de"},{"@type":"Organization","@id":"https:\/\/www.leadership-consulting-group.com\/cms\/#organization","name":"Leadership Consulting Group","url":"https:\/\/www.leadership-consulting-group.com\/cms\/","logo":{"@type":"ImageObject","inLanguage":"de","@id":"https:\/\/www.leadership-consulting-group.com\/cms\/#\/schema\/logo\/image\/","url":"https:\/\/www.leadership-consulting-group.com\/cms\/wp-content\/uploads\/2023\/11\/LCG-Logo-low-res.png","contentUrl":"https:\/\/www.leadership-consulting-group.com\/cms\/wp-content\/uploads\/2023\/11\/LCG-Logo-low-res.png","width":112,"height":40,"caption":"Leadership Consulting Group"},"image":{"@id":"https:\/\/www.leadership-consulting-group.com\/cms\/#\/schema\/logo\/image\/"}}]}},"_links":{"self":[{"href":"https:\/\/www.leadership-consulting-group.com\/cms\/wp-json\/wp\/v2\/pages\/42","targetHints":{"allow":["GET"]}}],"collection":[{"href":"https:\/\/www.leadership-consulting-group.com\/cms\/wp-json\/wp\/v2\/pages"}],"about":[{"href":"https:\/\/www.leadership-consulting-group.com\/cms\/wp-json\/wp\/v2\/types\/page"}],"author":[{"embeddable":true,"href":"https:\/\/www.leadership-consulting-group.com\/cms\/wp-json\/wp\/v2\/users\/1"}],"replies":[{"embeddable":true,"href":"https:\/\/www.leadership-consulting-group.com\/cms\/wp-json\/wp\/v2\/comments?post=42"}],"version-history":[{"count":64,"href":"https:\/\/www.leadership-consulting-group.com\/cms\/wp-json\/wp\/v2\/pages\/42\/revisions"}],"predecessor-version":[{"id":3131,"href":"https:\/\/www.leadership-consulting-group.com\/cms\/wp-json\/wp\/v2\/pages\/42\/revisions\/3131"}],"wp:attachment":[{"href":"https:\/\/www.leadership-consulting-group.com\/cms\/wp-json\/wp\/v2\/media?parent=42"}],"curies":[{"name":"wp","href":"https:\/\/api.w.org\/{rel}","templated":true}]}}